{"id":128,"date":"2017-02-15T15:31:41","date_gmt":"2017-02-15T14:31:41","guid":{"rendered":"http:\/\/www.dirk-jakobsmeier.de\/?page_id=128"},"modified":"2017-02-16T10:02:38","modified_gmt":"2017-02-16T09:02:38","slug":"datenschutzerklaerung","status":"publish","type":"page","link":"http:\/\/www.dirk-jakobsmeier.de\/?page_id=128","title":{"rendered":"Datenschutzerkl\u00e4rung"},"content":{"rendered":"<p><strong>Datenschutzerkl\u00e4rung:<\/strong><\/p>\n<p>Die Nutzung unserer Webseite ist in der Regel ohne Angabe personenbezogener Daten m\u00f6glich. Soweit auf unseren Seiten personenbezogene Daten (beispielsweise Name, Anschrift oder eMail-Adressen) erhoben werden, erfolgt dies stets auf freiwilliger Basis.<\/p>\n<p>Werden personenbezogene Daten aus technischen Gr\u00fcnden erfasst (beispielsweise IP-Adressen) werden diese nach sp\u00e4testens 7 Tagen r\u00fcckstandslos gel\u00f6scht. Erfasste Daten werden ohne Ihre ausdr\u00fcckliche Zustimmung nicht an Dritte weitergegeben.<\/p>\n<p>Wir weisen darauf hin, dass die Daten\u00fcbertragung im Internet (z.B. bei der Kommunikation per E-Mail) Sicherheitsl\u00fccken aufweisen kann. Ein l\u00fcckenloser Schutz der Daten vor dem Zugriff durch Dritte ist nicht m\u00f6glich.<\/p>\n<p>Google Analytics &amp; Maps<\/p>\n<p>Diese Website nutzt keine Google Dienste, eine Umleitung ihres Browsers findet nicht statt.<\/p>\n<p>Der Nutzung von im Rahmen der Impressumspflicht ver\u00f6ffentlichten Kontaktdaten durch Dritte zur \u00dcbersendung von nicht ausdr\u00fccklich angeforderter Werbung und Informationsmaterialien wird hiermit ausdr\u00fccklich widersprochen. Die Betreiber der Seiten behalten sich ausdr\u00fccklich rechtliche Schritte im Falle der unverlangten Zusendung von Werbeinformationen, etwa durch Spam-Mails, vor.<\/p>\n","protected":false},"excerpt":{"rendered":"<p>Datenschutzerkl\u00e4rung: Die Nutzung unserer Webseite ist in der Regel ohne Angabe personenbezogener Daten m\u00f6glich. Soweit auf unseren Seiten personenbezogene Daten (beispielsweise Name, Anschrift oder eMail-Adressen) erhoben werden, erfolgt dies stets auf freiwilliger Basis. Werden personenbezogene Daten aus technischen Gr\u00fcnden erfasst (beispielsweise IP-Adressen) werden diese nach sp\u00e4testens 7 Tagen r\u00fcckstandslos gel\u00f6scht. Erfasste Daten werden ohne Ihre [&hellip;]<\/p>\n","protected":false},"author":1,"featured_media":0,"parent":0,"menu_order":0,"comment_status":"closed","ping_status":"closed","template":"","meta":{"advgb_blocks_editor_width":"","advgb_blocks_columns_visual_guide":"","kt_blocks_editor_width":""},"featured_image_urls":{"full":"","thumbnail":"","medium":"","medium_large":"","large":"","1536x1536":"","2048x2048":"","post-thumbnail":"","coral-drive-medium-large-2x":"","coral-drive-large-2x":""},"post_excerpt_stackable":"<p>Datenschutzerkl\u00e4rung: Die Nutzung unserer Webseite ist in der Regel ohne Angabe personenbezogener Daten m\u00f6glich. Soweit auf unseren Seiten personenbezogene Daten (beispielsweise Name, Anschrift oder eMail-Adressen) erhoben werden, erfolgt dies stets auf freiwilliger Basis. Werden personenbezogene Daten aus technischen Gr\u00fcnden erfasst (beispielsweise IP-Adressen) werden diese nach sp\u00e4testens 7 Tagen r\u00fcckstandslos gel\u00f6scht. Erfasste Daten werden ohne Ihre ausdr\u00fcckliche Zustimmung nicht an Dritte weitergegeben. Wir weisen darauf hin, dass die Daten\u00fcbertragung im Internet (z.B. bei der Kommunikation per E-Mail) Sicherheitsl\u00fccken aufweisen kann. Ein l\u00fcckenloser Schutz der Daten vor dem Zugriff durch Dritte ist nicht m\u00f6glich. Google Analytics &amp; Maps Diese Website nutzt keine&hellip;<\/p>\n","category_list":"","author_info":{"name":"wpdjbenzer","url":"http:\/\/www.dirk-jakobsmeier.de\/?author=1"},"comments_num":"0 comments","coauthors":[],"author_meta":{"author_link":"http:\/\/www.dirk-jakobsmeier.de\/?author=1","display_name":"wpdjbenzer"},"relative_dates":{"created":"Posted 9\u00a0Jahren ago","modified":"Updated 9\u00a0Jahren ago"},"kb_featured_image_src_large":false,"kb_author_info":{"display_name":"wpdjbenzer","author_link":"http:\/\/www.dirk-jakobsmeier.de\/?author=1","author_image":"http:\/\/2.gravatar.com\/avatar\/e923936115be5f5fd235a6f02e780f8d?s=96&d=mm&r=g"},"kb_comment_info":0,"_links":{"self":[{"href":"http:\/\/www.dirk-jakobsmeier.de\/index.php?rest_route=\/wp\/v2\/pages\/128"}],"collection":[{"href":"http:\/\/www.dirk-jakobsmeier.de\/index.php?rest_route=\/wp\/v2\/pages"}],"about":[{"href":"http:\/\/www.dirk-jakobsmeier.de\/index.php?rest_route=\/wp\/v2\/types\/page"}],"author":[{"embeddable":true,"href":"http:\/\/www.dirk-jakobsmeier.de\/index.php?rest_route=\/wp\/v2\/users\/1"}],"replies":[{"embeddable":true,"href":"http:\/\/www.dirk-jakobsmeier.de\/index.php?rest_route=%2Fwp%2Fv2%2Fcomments&post=128"}],"version-history":[{"count":4,"href":"http:\/\/www.dirk-jakobsmeier.de\/index.php?rest_route=\/wp\/v2\/pages\/128\/revisions"}],"predecessor-version":[{"id":150,"href":"http:\/\/www.dirk-jakobsmeier.de\/index.php?rest_route=\/wp\/v2\/pages\/128\/revisions\/150"}],"wp:attachment":[{"href":"http:\/\/www.dirk-jakobsmeier.de\/index.php?rest_route=%2Fwp%2Fv2%2Fmedia&parent=128"}],"curies":[{"name":"wp","href":"https:\/\/api.w.org\/{rel}","templated":true}]}}